{"id":21,"date":"2024-03-23T13:34:16","date_gmt":"2024-03-23T16:34:16","guid":{"rendered":"http:\/\/kobma.test\/?page_id=21"},"modified":"2026-01-28T13:26:42","modified_gmt":"2026-01-28T16:26:42","slug":"nosotros","status":"publish","type":"page","link":"https:\/\/kobma.mx\/es\/nosotros\/","title":{"rendered":"Nosotros"},"content":{"rendered":"<p>[vc_section][vc_row el_class=&#8221;hero-section&#8221;][vc_column css=&#8221;.vc_custom_1711648330218{background-image: url(http:\/\/kobma.mx\/wp-content\/uploads\/2024\/03\/nosotros-image.jpg?id=54) !important;}&#8221;][vc_column_text]<\/p>\n<h3>KOBMA ASIAN FOOD<\/h3>\n<p>en Playa del Carmen[\/vc_column_text][\/vc_column][\/vc_row][\/vc_section][vc_section el_class=&#8221;modulo-01-nosotros&#8221;][vc_row][vc_column width=&#8221;1\/12&#8243;][\/vc_column][vc_column width=&#8221;5\/12&#8243;][vc_column_text]<\/p>\n<h3>SOBRE NOSOTROS<\/h3>\n<h4>Conserva lo viejo, conoce lo nuevo.<\/h4>\n<p><strong>Kobma representa la armon\u00eda entre el pasado y el<br \/>\npresente<\/strong>, nuestros sabores fusionan lo mejor de la comida asi\u00e1tica tradicional y la innovaci\u00f3n que demanda la modernidad. Visitar Kobma es experimentar un momento en familia, con amigos y\/o pareja degustando los elementos m\u00e1s representativos de <strong>China, Thailandia, Vietnam y Jap\u00f3n<\/strong> que componen nuestro men\u00fa.[\/vc_column_text][\/vc_column][vc_column width=&#8221;5\/12&#8243;][vc_single_image image=&#8221;62&#8243; img_size=&#8221;full&#8221;][\/vc_column][vc_column width=&#8221;1\/12&#8243;][\/vc_column][\/vc_row][\/vc_section][vc_section css=&#8221;.vc_custom_1711979528805{background-image: url(https:\/\/kobma.mx\/wp-content\/uploads\/2024\/03\/fondo-trama.jpg?id=64) !important;}&#8221; el_class=&#8221;modulo-02-nosotros&#8221;][vc_row][vc_column width=&#8221;1\/12&#8243;][\/vc_column][vc_column width=&#8221;5\/12&#8243; el_class=&#8221;modulo-textos&#8221;][vc_column_text]<\/p>\n<h3>\u00a1VIS\u00cdTANOS!<\/h3>\n<h4>Te recomendamos asegurar tu mesa con reserva.<\/h4>\n<div class=\"content-dires\">\n<div><i class=\"far fa-clock\"><\/i> Abierto de 4 p.m. &#8211; 11 p.m.<\/div>\n<div><i class=\"fas fa-map-marker-alt\"><\/i> 1ra Av. Norte entre Calle 16 Norte y 14 Norte<\/div>\n<div><i class=\"fas fa-phone-alt\"><\/i> <strong>Reservas:<\/strong> <a class=\"about-us-llamadas\" href=\"https:\/\/wa.link\/01vg7n\" target=\"_blank\" rel=\"noopener\">+52 1 998 842 4813<\/a><\/div>\n<\/div>\n<p>[\/vc_column_text][\/vc_column][vc_column width=&#8221;1\/3&#8243; el_class=&#8221;modulo-video&#8221;][vc_column_text]<\/p>\n<h3>EXPERIENCIA KOBMA<\/h3>\n<p><video poster=\"http:\/\/kobma.mx\/wp-content\/uploads\/2024\/03\/placeholder-video.jpg\" controls=\"controls\" width=\"320\" height=\"240\"><br \/><source src=\"http:\/\/kobma.mx\/wp-content\/uploads\/2024\/03\/Brianda-reaccion-final-completa.mov\" type=\"video\/mp4\" \/><br \/>\nYour browser does not support the video tag.<br \/><\/video>[\/vc_column_text][\/vc_column][vc_column width=&#8221;1\/12&#8243;][\/vc_column][\/vc_row][\/vc_section][vc_section el_class=&#8221;modulo-03-nosotros&#8221;][vc_row][vc_column width=&#8221;1\/6&#8243;][\/vc_column][vc_column width=&#8221;1\/3&#8243; el_class=&#8221;text-center&#8221;][vc_column_text el_class=&#8221;custom-box&#8221;]<\/p>\n<h3>RESERVA EN PLAYA DEL CARMEN<\/h3>\n<div class=\"tel\"><a href=\"tel:+ 52 998 842 4813\" class=\"mobile-llamadas\"><i class=\"fas fa-phone-alt\"><\/i><span class=\"text\">Reservar por tel\u00e9fono<\/span><\/a><\/div>\n<p><script type='text\/javascript' src='\/\/www.opentable.com.mx\/widget\/reservation\/loader?rid=1146580&#038;type=standard&#038;theme=wide&#038;color=1&#038;dark=false&#038;iframe=true&#038;domain=commx&#038;lang=en-US&#038;newtab=false&#038;ot_source=Restaurant%20website&#038;ot_campaign=Franco%20Google%20Ads&#038;cfe=true'><\/script>[\/vc_column_text][vc_single_image image=&#8221;90&#8243; img_size=&#8221;full&#8221; el_class=&#8221;logo-google&#8221;][vc_gallery interval=&#8221;3&#8243; images=&#8221;78,77,76&#8243; img_size=&#8221;full&#8221; onclick=&#8221;&#8221;][\/vc_column][vc_column width=&#8221;1\/3&#8243;][\/vc_column][vc_column width=&#8221;1\/6&#8243;][\/vc_column][\/vc_row][\/vc_section][vc_section][\/vc_section][vc_row][vc_column][\/vc_column][\/vc_row]<\/p>\n","protected":false},"excerpt":{"rendered":"<p>[vc_section][vc_row el_class=&#8221;hero-section&#8221;][vc_column css=&#8221;.vc_custom_1711648330218{background-image: url(http:\/\/kobma.mx\/wp-content\/uploads\/2024\/03\/nosotros-image.jpg?id=54) !important;}&#8221;][vc_column_text] KOBMA ASIAN FOOD en Playa del Carmen[\/vc_column_text][\/vc_column][\/vc_row][\/vc_section][vc_section el_class=&#8221;modulo-01-nosotros&#8221;][vc_row][vc_column width=&#8221;1\/12&#8243;][\/vc_column][vc_column width=&#8221;5\/12&#8243;][vc_column_text] SOBRE NOSOTROS Conserva lo viejo, conoce lo nuevo. Kobma representa la armon\u00eda entre el pasado y el presente, nuestros sabores fusionan lo mejor de la comida asi\u00e1tica tradicional y la innovaci\u00f3n que demanda la modernidad. Visitar Kobma es experimentar un [&hellip;]<\/p>\n","protected":false},"author":1,"featured_media":0,"parent":0,"menu_order":0,"comment_status":"closed","ping_status":"closed","template":"","meta":{"footnotes":""},"class_list":["post-21","page","type-page","status-publish","hentry"],"yoast_head":"<!-- This site is optimized with the Yoast SEO plugin v27.3 - https:\/\/yoast.com\/product\/yoast-seo-wordpress\/ -->\n<title>Nosotros<\/title>\n<meta name=\"robots\" content=\"index, follow, max-snippet:-1, max-image-preview:large, max-video-preview:-1\" \/>\n<link rel=\"canonical\" href=\"https:\/\/kobma.mx\/es\/nosotros\/\" \/>\n<meta property=\"og:locale\" content=\"es_ES\" \/>\n<meta property=\"og:locale:alternate\" content=\"en_US\" \/>\n<meta property=\"og:type\" content=\"article\" \/>\n<meta property=\"og:title\" content=\"Nosotros\" \/>\n<meta property=\"og:description\" content=\"[vc_section][vc_row el_class=&#8221;hero-section&#8221;][vc_column css=&#8221;.vc_custom_1711648330218{background-image: url(http:\/\/kobma.mx\/wp-content\/uploads\/2024\/03\/nosotros-image.jpg?id=54) !important;}&#8221;][vc_column_text] KOBMA ASIAN FOOD en Playa del Carmen[\/vc_column_text][\/vc_column][\/vc_row][\/vc_section][vc_section el_class=&#8221;modulo-01-nosotros&#8221;][vc_row][vc_column width=&#8221;1\/12&#8243;][\/vc_column][vc_column width=&#8221;5\/12&#8243;][vc_column_text] SOBRE NOSOTROS Conserva lo viejo, conoce lo nuevo. Kobma representa la armon\u00eda entre el pasado y el presente, nuestros sabores fusionan lo mejor de la comida asi\u00e1tica tradicional y la innovaci\u00f3n que demanda la modernidad. Visitar Kobma es experimentar un [&hellip;]\" \/>\n<meta property=\"og:url\" content=\"https:\/\/kobma.mx\/es\/nosotros\/\" \/>\n<meta property=\"og:site_name\" content=\"Kobma\" \/>\n<meta property=\"article:modified_time\" content=\"2026-01-28T16:26:42+00:00\" \/>\n<meta name=\"twitter:card\" content=\"summary_large_image\" \/>\n<meta name=\"twitter:label1\" content=\"Tiempo de lectura\" \/>\n\t<meta name=\"twitter:data1\" content=\"3 minutos\" \/>\n<script type=\"application\/ld+json\" class=\"yoast-schema-graph\">{\"@context\":\"https:\\\/\\\/schema.org\",\"@graph\":[{\"@type\":\"WebPage\",\"@id\":\"https:\\\/\\\/kobma.mx\\\/nosotros\\\/\",\"url\":\"https:\\\/\\\/kobma.mx\\\/nosotros\\\/\",\"name\":\"Nosotros\",\"isPartOf\":{\"@id\":\"https:\\\/\\\/kobma.mx\\\/#website\"},\"datePublished\":\"2024-03-23T16:34:16+00:00\",\"dateModified\":\"2026-01-28T16:26:42+00:00\",\"breadcrumb\":{\"@id\":\"https:\\\/\\\/kobma.mx\\\/nosotros\\\/#breadcrumb\"},\"inLanguage\":\"es-AR\",\"potentialAction\":[{\"@type\":\"ReadAction\",\"target\":[\"https:\\\/\\\/kobma.mx\\\/nosotros\\\/\"]}]},{\"@type\":\"BreadcrumbList\",\"@id\":\"https:\\\/\\\/kobma.mx\\\/nosotros\\\/#breadcrumb\",\"itemListElement\":[{\"@type\":\"ListItem\",\"position\":1,\"name\":\"Home\",\"item\":\"https:\\\/\\\/kobma.mx\\\/\"},{\"@type\":\"ListItem\",\"position\":2,\"name\":\"About us\"}]},{\"@type\":\"WebSite\",\"@id\":\"https:\\\/\\\/kobma.mx\\\/#website\",\"url\":\"https:\\\/\\\/kobma.mx\\\/\",\"name\":\"Kobma\",\"description\":\"\",\"publisher\":{\"@id\":\"https:\\\/\\\/kobma.mx\\\/#organization\"},\"potentialAction\":[{\"@type\":\"SearchAction\",\"target\":{\"@type\":\"EntryPoint\",\"urlTemplate\":\"https:\\\/\\\/kobma.mx\\\/?s={search_term_string}\"},\"query-input\":{\"@type\":\"PropertyValueSpecification\",\"valueRequired\":true,\"valueName\":\"search_term_string\"}}],\"inLanguage\":\"es-AR\"},{\"@type\":\"Organization\",\"@id\":\"https:\\\/\\\/kobma.mx\\\/#organization\",\"name\":\"Kobma\",\"url\":\"https:\\\/\\\/kobma.mx\\\/\",\"logo\":{\"@type\":\"ImageObject\",\"inLanguage\":\"es-AR\",\"@id\":\"https:\\\/\\\/kobma.mx\\\/#\\\/schema\\\/logo\\\/image\\\/\",\"url\":\"https:\\\/\\\/kobma.mx\\\/wp-content\\\/uploads\\\/2026\\\/01\\\/Logo-Kobma-blanco-1.png\",\"contentUrl\":\"https:\\\/\\\/kobma.mx\\\/wp-content\\\/uploads\\\/2026\\\/01\\\/Logo-Kobma-blanco-1.png\",\"width\":855,\"height\":250,\"caption\":\"Kobma\"},\"image\":{\"@id\":\"https:\\\/\\\/kobma.mx\\\/#\\\/schema\\\/logo\\\/image\\\/\"}}]}<\/script>\n<!-- \/ Yoast SEO plugin. -->","yoast_head_json":{"title":"Nosotros","robots":{"index":"index","follow":"follow","max-snippet":"max-snippet:-1","max-image-preview":"max-image-preview:large","max-video-preview":"max-video-preview:-1"},"canonical":"https:\/\/kobma.mx\/es\/nosotros\/","og_locale":"es_ES","og_type":"article","og_title":"[:en]About us[:es]Nosotros[:] - Kobma","og_description":"[vc_section][vc_row el_class=&#8221;hero-section&#8221;][vc_column css=&#8221;.vc_custom_1711648330218{background-image: url(http:\/\/kobma.mx\/wp-content\/uploads\/2024\/03\/nosotros-image.jpg?id=54) !important;}&#8221;][vc_column_text] KOBMA ASIAN FOOD en Playa del Carmen[\/vc_column_text][\/vc_column][\/vc_row][\/vc_section][vc_section el_class=&#8221;modulo-01-nosotros&#8221;][vc_row][vc_column width=&#8221;1\/12&#8243;][\/vc_column][vc_column width=&#8221;5\/12&#8243;][vc_column_text] SOBRE NOSOTROS Conserva lo viejo, conoce lo nuevo. Kobma representa la armon\u00eda entre el pasado y el presente, nuestros sabores fusionan lo mejor de la comida asi\u00e1tica tradicional y la innovaci\u00f3n que demanda la modernidad. Visitar Kobma es experimentar un [&hellip;]","og_url":"https:\/\/kobma.mx\/es\/nosotros\/","og_site_name":"Kobma","article_modified_time":"2026-01-28T16:26:42+00:00","twitter_card":"summary_large_image","twitter_misc":{"Tiempo de lectura":"3 minutos"},"schema":{"@context":"https:\/\/schema.org","@graph":[{"@type":"WebPage","@id":"https:\/\/kobma.mx\/nosotros\/","url":"https:\/\/kobma.mx\/nosotros\/","name":"Nosotros","isPartOf":{"@id":"https:\/\/kobma.mx\/#website"},"datePublished":"2024-03-23T16:34:16+00:00","dateModified":"2026-01-28T16:26:42+00:00","breadcrumb":{"@id":"https:\/\/kobma.mx\/nosotros\/#breadcrumb"},"inLanguage":"es-AR","potentialAction":[{"@type":"ReadAction","target":["https:\/\/kobma.mx\/nosotros\/"]}]},{"@type":"BreadcrumbList","@id":"https:\/\/kobma.mx\/nosotros\/#breadcrumb","itemListElement":[{"@type":"ListItem","position":1,"name":"Home","item":"https:\/\/kobma.mx\/"},{"@type":"ListItem","position":2,"name":"About us"}]},{"@type":"WebSite","@id":"https:\/\/kobma.mx\/#website","url":"https:\/\/kobma.mx\/","name":"Kobma","description":"","publisher":{"@id":"https:\/\/kobma.mx\/#organization"},"potentialAction":[{"@type":"SearchAction","target":{"@type":"EntryPoint","urlTemplate":"https:\/\/kobma.mx\/?s={search_term_string}"},"query-input":{"@type":"PropertyValueSpecification","valueRequired":true,"valueName":"search_term_string"}}],"inLanguage":"es-AR"},{"@type":"Organization","@id":"https:\/\/kobma.mx\/#organization","name":"Kobma","url":"https:\/\/kobma.mx\/","logo":{"@type":"ImageObject","inLanguage":"es-AR","@id":"https:\/\/kobma.mx\/#\/schema\/logo\/image\/","url":"https:\/\/kobma.mx\/wp-content\/uploads\/2026\/01\/Logo-Kobma-blanco-1.png","contentUrl":"https:\/\/kobma.mx\/wp-content\/uploads\/2026\/01\/Logo-Kobma-blanco-1.png","width":855,"height":250,"caption":"Kobma"},"image":{"@id":"https:\/\/kobma.mx\/#\/schema\/logo\/image\/"}}]}},"_links":{"self":[{"href":"https:\/\/kobma.mx\/es\/wp-json\/wp\/v2\/pages\/21","targetHints":{"allow":["GET"]}}],"collection":[{"href":"https:\/\/kobma.mx\/es\/wp-json\/wp\/v2\/pages"}],"about":[{"href":"https:\/\/kobma.mx\/es\/wp-json\/wp\/v2\/types\/page"}],"author":[{"embeddable":true,"href":"https:\/\/kobma.mx\/es\/wp-json\/wp\/v2\/users\/1"}],"replies":[{"embeddable":true,"href":"https:\/\/kobma.mx\/es\/wp-json\/wp\/v2\/comments?post=21"}],"version-history":[{"count":52,"href":"https:\/\/kobma.mx\/es\/wp-json\/wp\/v2\/pages\/21\/revisions"}],"predecessor-version":[{"id":323,"href":"https:\/\/kobma.mx\/es\/wp-json\/wp\/v2\/pages\/21\/revisions\/323"}],"wp:attachment":[{"href":"https:\/\/kobma.mx\/es\/wp-json\/wp\/v2\/media?parent=21"}],"curies":[{"name":"wp","href":"https:\/\/api.w.org\/{rel}","templated":true}]}}